{"id":19021,"date":"2023-06-13T09:40:11","date_gmt":"2023-06-13T07:40:11","guid":{"rendered":"https:\/\/8190.nu\/Payer\/?page_id=19021"},"modified":"2024-10-08T11:14:42","modified_gmt":"2024-10-08T09:14:42","slug":"faq","status":"publish","type":"page","link":"https:\/\/payer.eu\/en\/faq\/","title":{"rendered":"FAQ"},"content":{"rendered":"<p>[et_pb_section fb_built=&#8221;1&#8243; admin_label=&#8221;Support&#8221; _builder_version=&#8221;4.16&#8243; global_colors_info=&#8221;{}&#8221;][et_pb_row _builder_version=&#8221;4.17.4&#8243; global_colors_info=&#8221;{}&#8221;][et_pb_column type=&#8221;4_4&#8243; _builder_version=&#8221;4.16&#8243; global_colors_info=&#8221;{}&#8221;][et_pb_text _builder_version=&#8221;4.17.4&#8243; header_2_font_size=&#8221;36px&#8221; global_colors_info=&#8221;{}&#8221;]<\/p>\n<pre style=\"text-align: left;\">FAQ<\/pre>\n<h1 style=\"text-align: left;\">Common questions<\/h1>\n<p>In short, there will be answers to many of the frequently asked questions below. Should you not find an answer to your particular question, you are of course welcome to contact us directly via our customer portal.<\/p>\n<p>[\/et_pb_text][\/et_pb_column][\/et_pb_row][et_pb_row column_structure=&#8221;1_2,1_2&#8243; module_id=&#8221;payer_faq_kund&#8221; module_class=&#8221;payer_faq_kund&#8221; _builder_version=&#8221;4.16&#8243; hover_enabled=&#8221;0&#8243; global_colors_info=&#8221;{}&#8221; sticky_enabled=&#8221;0&#8243; disabled_on=&#8221;on|on|on&#8221; disabled=&#8221;on&#8221;][et_pb_column type=&#8221;1_2&#8243; _builder_version=&#8221;4.16&#8243; custom_padding=&#8221;|||&#8221; global_colors_info=&#8221;{}&#8221; custom_padding__hover=&#8221;|||&#8221;][et_pb_toggle title=&#8221;Hur loggar jag in p\u00e5 kundportalen?&#8221; open_toggle_background_color=&#8221;rgba(0,0,0,0)&#8221; closed_toggle_background_color=&#8221;rgba(0,0,0,0)&#8221; icon_color=&#8221;#000000&#8243; open_icon_color=&#8221;#000000&#8243; disabled_on=&#8221;on|on|on&#8221; _builder_version=&#8221;4.17.4&#8243; title_text_color=&#8221;#000000&#8243; title_font=&#8221;Open Sans|600|||||||&#8221; title_font_size=&#8221;20px&#8221; title_line_height=&#8221;1.6em&#8221; body_font=&#8221;||||||||&#8221; body_text_color=&#8221;rgba(0,0,0,0.6)&#8221; body_font_size=&#8221;16px&#8221; body_line_height=&#8221;2em&#8221; width=&#8221;106.5%&#8221; custom_margin=&#8221;|-190px|0px|||&#8221; custom_padding=&#8221;|0px||0px||true&#8221; hover_enabled=&#8221;0&#8243; border_width_all=&#8221;0px&#8221; border_color_all=&#8221;rgba(51,51,51,0.06)&#8221; border_width_bottom=&#8221;1px&#8221; border_color_bottom=&#8221;rgba(0,0,0,0.1)&#8221; disabled=&#8221;on&#8221; global_colors_info=&#8221;{}&#8221; sticky_enabled=&#8221;0&#8243;]<\/p>\n<h4>Merchant Portal B2B Platform<\/h4>\n<p><a href=\"https:\/\/b2b.payer.se\/merchant-admin#\/login\" target=\"_blank\" rel=\"noopener\">B2B Merchant Portal<\/a><\/p>\n<h4>Merchant Portal Legacy Platform<\/h4>\n<p><a href=\"https:\/\/secure.payer.se\/adminweb\" target=\"_blank\" rel=\"noopener\">Legacy Merchant portal<\/a><\/p>\n<p>[\/et_pb_toggle][et_pb_toggle title=&#8221;Vilka typer av betalningar st\u00f6ds av Payer?&#8221; open_toggle_text_color=&#8221;#000000&#8243; open_toggle_background_color=&#8221;rgba(0,0,0,0)&#8221; closed_toggle_background_color=&#8221;rgba(0,0,0,0)&#8221; icon_color=&#8221;#000000&#8243; open_icon_color=&#8221;#000000&#8243; disabled_on=&#8221;on|on|on&#8221; _builder_version=&#8221;4.16&#8243; title_text_color=&#8221;#000000&#8243; title_font=&#8221;Open Sans|600|||||||&#8221; title_font_size=&#8221;20px&#8221; title_line_height=&#8221;1.6em&#8221; body_font=&#8221;||||||||&#8221; body_text_color=&#8221;rgba(0,0,0,0.6)&#8221; body_font_size=&#8221;16px&#8221; body_line_height=&#8221;2em&#8221; width=&#8221;106.5%&#8221; custom_margin=&#8221;|-192px|0px|||&#8221; custom_padding=&#8221;|0px||0px||true&#8221; border_width_all=&#8221;0px&#8221; border_color_all=&#8221;rgba(51,51,51,0.06)&#8221; border_width_bottom=&#8221;1px&#8221; border_color_bottom=&#8221;rgba(0,0,0,0.1)&#8221; disabled=&#8221;on&#8221; global_colors_info=&#8221;{}&#8221;]<\/p>\n<p><span>Payer st\u00f6djer alla popul\u00e4ra typer av betalningar som faktura, kortbetalningar, bankbetalningar, lokala typer av betalningar globalt och utbetalningar. G\u00e5 till v\u00e5r sida\u00a0<\/span><a href=\"\/platform\">Betalningsl\u00f6sningar<\/a><span>\u00a0f\u00f6r att uppt\u00e4cka alla typer av betalningar.<\/span><\/p>\n<p>[\/et_pb_toggle][et_pb_toggle title=&#8221;Jag har en egenutvecklad plattform. Hur kan ni hj\u00e4lpa mig?&#8221; open_toggle_text_color=&#8221;#000000&#8243; open_toggle_background_color=&#8221;rgba(0,0,0,0)&#8221; closed_toggle_background_color=&#8221;rgba(0,0,0,0)&#8221; icon_color=&#8221;#000000&#8243; open_icon_color=&#8221;#000000&#8243; disabled_on=&#8221;on|on|on&#8221; _builder_version=&#8221;4.16&#8243; title_text_color=&#8221;#000000&#8243; title_font=&#8221;Open Sans|600|||||||&#8221; title_font_size=&#8221;20px&#8221; title_line_height=&#8221;1.6em&#8221; body_font=&#8221;||||||||&#8221; body_text_color=&#8221;rgba(0,0,0,0.6)&#8221; body_font_size=&#8221;16px&#8221; body_line_height=&#8221;2em&#8221; width=&#8221;106.5%&#8221; custom_margin=&#8221;|-192px|0px|||&#8221; custom_padding=&#8221;|0px||0px||true&#8221; border_width_all=&#8221;0px&#8221; border_color_all=&#8221;rgba(51,51,51,0.06)&#8221; border_width_bottom=&#8221;1px&#8221; border_color_bottom=&#8221;rgba(0,0,0,0.1)&#8221; disabled=&#8221;on&#8221; global_colors_info=&#8221;{}&#8221;]<\/p>\n<p>Vi har ett brett utbud av SDK:er och API:er f\u00f6r att g\u00f6ra integrationen med Payer s\u00e5 smidig som m\u00f6jligt. Du kanske vill ta en titt p\u00e5 v\u00e5rt<span>\u00a0<\/span><a href=\"\/developers\">nav f\u00f6r utvecklardokumentation<\/a>.<\/p>\n<p><a href=\"\/contact\">Kontakta oss<\/a><span>\u00a0<\/span>g\u00e4rna f\u00f6r mer information om hur vi kan hj\u00e4lpa dig p\u00e5 b\u00e4sta s\u00e4tt.<\/p>\n<p>[\/et_pb_toggle][et_pb_toggle title=&#8221;Jag vill veta mer om era l\u00f6sningar.&#8221; open_toggle_text_color=&#8221;#000000&#8243; open_toggle_background_color=&#8221;rgba(0,0,0,0)&#8221; closed_toggle_background_color=&#8221;rgba(0,0,0,0)&#8221; icon_color=&#8221;#000000&#8243; open_icon_color=&#8221;#000000&#8243; disabled_on=&#8221;on|on|on&#8221; _builder_version=&#8221;4.17.4&#8243; title_text_color=&#8221;#000000&#8243; title_font=&#8221;Open Sans|600|||||||&#8221; title_font_size=&#8221;20px&#8221; title_line_height=&#8221;1.6em&#8221; body_font=&#8221;||||||||&#8221; body_text_color=&#8221;rgba(0,0,0,0.6)&#8221; body_font_size=&#8221;16px&#8221; body_line_height=&#8221;2em&#8221; width=&#8221;106.5%&#8221; custom_margin=&#8221;|-192px|0px|||&#8221; custom_padding=&#8221;|0px||0px||true&#8221; border_width_all=&#8221;0px&#8221; border_color_all=&#8221;rgba(51,51,51,0.06)&#8221; border_color_bottom=&#8221;rgba(0,0,0,0.1)&#8221; disabled=&#8221;on&#8221; global_colors_info=&#8221;{}&#8221;]<\/p>\n<p>Vad kul att h\u00f6ra! Skicka ett <a href=\"\/contact\">e-postmeddelande<\/a>\u00a0s\u00e5 \u00e5terkommer vi till dig s\u00e5 snart som m\u00f6jligt.<\/p>\n<p>[\/et_pb_toggle][et_pb_toggle title=&#8221;Vilken typ av programmeringsspr\u00e5k st\u00f6djer Payer?&#8221; open_toggle_background_color=&#8221;rgba(0,0,0,0)&#8221; closed_toggle_background_color=&#8221;rgba(0,0,0,0)&#8221; icon_color=&#8221;#000000&#8243; open_icon_color=&#8221;#000000&#8243; disabled_on=&#8221;on|on|on&#8221; _builder_version=&#8221;4.17.4&#8243; title_text_color=&#8221;#000000&#8243; title_font=&#8221;Open Sans|600|||||||&#8221; title_font_size=&#8221;20px&#8221; title_line_height=&#8221;1.6em&#8221; body_font=&#8221;||||||||&#8221; body_text_color=&#8221;rgba(0,0,0,0.6)&#8221; body_font_size=&#8221;16px&#8221; body_line_height=&#8221;2em&#8221; width=&#8221;106.5%&#8221; custom_margin=&#8221;|-190px|0px|||&#8221; custom_padding=&#8221;|0px||0px||true&#8221; border_width_all=&#8221;0px&#8221; border_color_all=&#8221;rgba(51,51,51,0.06)&#8221; border_width_bottom=&#8221;1px&#8221; border_color_bottom=&#8221;rgba(0,0,0,0.1)&#8221; disabled=&#8221;on&#8221; global_colors_info=&#8221;{}&#8221;]<\/p>\n<p>Vi st\u00f6djer ett antal programmeringsspr\u00e5k som PHP, Python, Java, C# med mera.<br \/>Kontakta v\u00e5rt\u00a0<a href=\"\/developers\">tekniska supportteam<\/a>\u00a0f\u00f6r att hitta r\u00e4tt integrationsl\u00f6sning f\u00f6r dig.<\/p>\n<p>[\/et_pb_toggle][et_pb_toggle title=&#8221;Vilken typ av programmeringsspr\u00e5k st\u00f6djer Payer?&#8221; open_toggle_background_color=&#8221;rgba(0,0,0,0)&#8221; closed_toggle_background_color=&#8221;rgba(0,0,0,0)&#8221; icon_color=&#8221;#000000&#8243; open_icon_color=&#8221;#000000&#8243; disabled_on=&#8221;on|on|on&#8221; _builder_version=&#8221;4.17.4&#8243; title_text_color=&#8221;#000000&#8243; title_font=&#8221;Open Sans|600|||||||&#8221; title_font_size=&#8221;20px&#8221; title_line_height=&#8221;1.6em&#8221; body_font=&#8221;||||||||&#8221; body_text_color=&#8221;rgba(0,0,0,0.6)&#8221; body_font_size=&#8221;16px&#8221; body_line_height=&#8221;2em&#8221; width=&#8221;106.5%&#8221; custom_margin=&#8221;|-190px|0px|||&#8221; custom_padding=&#8221;|0px||0px||true&#8221; border_width_all=&#8221;0px&#8221; border_color_all=&#8221;rgba(51,51,51,0.06)&#8221; border_width_bottom=&#8221;1px&#8221; border_color_bottom=&#8221;rgba(0,0,0,0.1)&#8221; disabled=&#8221;on&#8221; global_colors_info=&#8221;{}&#8221;]<\/p>\n<p>Vi st\u00f6djer ett antal programmeringsspr\u00e5k som PHP, Python, Java, C# med mera.<br \/>Kontakta v\u00e5rt\u00a0<a href=\"\/developers\">tekniska supportteam<\/a>\u00a0f\u00f6r att hitta r\u00e4tt integrationsl\u00f6sning f\u00f6r dig.<\/p>\n<p>[\/et_pb_toggle][et_pb_toggle title=&#8221;Var hittar jag dokumentationen f\u00f6r era integrationsl\u00f6sningar?&#8221; open_toggle_text_color=&#8221;#000000&#8243; open_toggle_background_color=&#8221;rgba(0,0,0,0)&#8221; closed_toggle_background_color=&#8221;rgba(0,0,0,0)&#8221; icon_color=&#8221;#000000&#8243; open_icon_color=&#8221;#000000&#8243; disabled_on=&#8221;on|on|on&#8221; _builder_version=&#8221;4.16&#8243; title_text_color=&#8221;#000000&#8243; title_font=&#8221;Open Sans|600|||||||&#8221; title_font_size=&#8221;20px&#8221; title_line_height=&#8221;1.6em&#8221; body_font=&#8221;||||||||&#8221; body_text_color=&#8221;rgba(0,0,0,0.6)&#8221; body_font_size=&#8221;16px&#8221; body_line_height=&#8221;2em&#8221; width=&#8221;106.5%&#8221; custom_margin=&#8221;|-192px|0px|||&#8221; custom_padding=&#8221;|0px||0px||true&#8221; border_width_all=&#8221;0px&#8221; border_color_all=&#8221;rgba(51,51,51,0.06)&#8221; border_width_bottom=&#8221;1px&#8221; border_color_bottom=&#8221;rgba(0,0,0,0.1)&#8221; disabled=&#8221;on&#8221; global_colors_info=&#8221;{}&#8221;]<\/p>\n<p><span>Bes\u00f6k v\u00e5rt\u00a0<\/span><a href=\"\/developers\">nav f\u00f6r utvecklardokumentation<\/a><span>\u00a0f\u00f6r att uppt\u00e4cka integrationsl\u00f6sningar.<\/span><\/p>\n<p>[\/et_pb_toggle][\/et_pb_column][et_pb_column type=&#8221;1_2&#8243; _builder_version=&#8221;4.16&#8243; global_colors_info=&#8221;{}&#8221;][et_pb_image src=&#8221;https:\/\/payer.eu\/wp-content\/uploads\/2023\/06\/Question.jpg&#8221; title_text=&#8221;Question&#8221; align=&#8221;center&#8221; _builder_version=&#8221;4.17.4&#8243; _module_preset=&#8221;default&#8221; custom_margin=&#8221;30px|-2px||26px|false|false&#8221; border_radii=&#8221;on|12px|12px|12px|12px&#8221; global_colors_info=&#8221;{}&#8221;][\/et_pb_image][\/et_pb_column][\/et_pb_row][et_pb_row column_structure=&#8221;1_2,1_2&#8243; _builder_version=&#8221;4.16&#8243; global_colors_info=&#8221;{}&#8221;][et_pb_column type=&#8221;1_2&#8243; _builder_version=&#8221;4.16&#8243; custom_padding=&#8221;|||&#8221; global_colors_info=&#8221;{}&#8221; custom_padding__hover=&#8221;|||&#8221;][\/et_pb_column][et_pb_column type=&#8221;1_2&#8243; _builder_version=&#8221;4.16&#8243; global_colors_info=&#8221;{}&#8221;][\/et_pb_column][\/et_pb_row][\/et_pb_section]<\/p>\n","protected":false},"excerpt":{"rendered":"<p>FAQ Common questions In short, there will be answers to many of the frequently asked questions below. Should you not find an answer to your particular question, you are of course welcome to contact us directly via our customer portal.Merchant Portal B2B Platform B2B Merchant Portal Merchant Portal Legacy Platform Legacy Merchant portalPayer st\u00f6djer alla [&hellip;]<\/p>\n","protected":false},"author":7,"featured_media":0,"parent":0,"menu_order":0,"comment_status":"closed","ping_status":"closed","template":"","meta":{"_et_pb_use_builder":"on","_et_pb_old_content":"","_et_gb_content_width":"","inline_featured_image":false,"footnotes":""},"class_list":["post-19021","page","type-page","status-publish","hentry"],"yoast_head":"<!-- This site is optimized with the Yoast SEO plugin v26.8 - https:\/\/yoast.com\/product\/yoast-seo-wordpress\/ -->\n<title>FAQ - Payer<\/title>\n<meta name=\"robots\" content=\"index, follow, max-snippet:-1, max-image-preview:large, max-video-preview:-1\" \/>\n<link rel=\"canonical\" href=\"https:\/\/payer.eu\/en\/faq\/\" \/>\n<meta property=\"og:locale\" content=\"en_US\" \/>\n<meta property=\"og:type\" content=\"article\" \/>\n<meta property=\"og:title\" content=\"FAQ - Payer\" \/>\n<meta property=\"og:description\" content=\"FAQ Common questions In short, there will be answers to many of the frequently asked questions below. Should you not find an answer to your particular question, you are of course welcome to contact us directly via our customer portal.Merchant Portal B2B Platform B2B Merchant Portal Merchant Portal Legacy Platform Legacy Merchant portalPayer st\u00f6djer alla [&hellip;]\" \/>\n<meta property=\"og:url\" content=\"https:\/\/payer.eu\/en\/faq\/\" \/>\n<meta property=\"og:site_name\" content=\"Payer\" \/>\n<meta property=\"article:publisher\" content=\"https:\/\/www.facebook.com\/PayerB2BPayments\" \/>\n<meta property=\"article:modified_time\" content=\"2024-10-08T09:14:42+00:00\" \/>\n<meta name=\"twitter:card\" content=\"summary_large_image\" \/>\n<meta name=\"twitter:label1\" content=\"Est. reading time\" \/>\n\t<meta name=\"twitter:data1\" content=\"6 minutes\" \/>\n<script type=\"application\/ld+json\" class=\"yoast-schema-graph\">{\"@context\":\"https:\/\/schema.org\",\"@graph\":[{\"@type\":\"WebPage\",\"@id\":\"https:\/\/payer.eu\/en\/faq\/\",\"url\":\"https:\/\/payer.eu\/en\/faq\/\",\"name\":\"FAQ - Payer\",\"isPartOf\":{\"@id\":\"https:\/\/payer.eu\/#website\"},\"datePublished\":\"2023-06-13T07:40:11+00:00\",\"dateModified\":\"2024-10-08T09:14:42+00:00\",\"breadcrumb\":{\"@id\":\"https:\/\/payer.eu\/en\/faq\/#breadcrumb\"},\"inLanguage\":\"en-US\",\"potentialAction\":[{\"@type\":\"ReadAction\",\"target\":[\"https:\/\/payer.eu\/en\/faq\/\"]}]},{\"@type\":\"BreadcrumbList\",\"@id\":\"https:\/\/payer.eu\/en\/faq\/#breadcrumb\",\"itemListElement\":[{\"@type\":\"ListItem\",\"position\":1,\"name\":\"Home\",\"item\":\"https:\/\/payer.eu\/en\/\"},{\"@type\":\"ListItem\",\"position\":2,\"name\":\"FAQ\"}]},{\"@type\":\"WebSite\",\"@id\":\"https:\/\/payer.eu\/#website\",\"url\":\"https:\/\/payer.eu\/\",\"name\":\"Payer\",\"description\":\"Payer B2B Payments\",\"publisher\":{\"@id\":\"https:\/\/payer.eu\/#organization\"},\"potentialAction\":[{\"@type\":\"SearchAction\",\"target\":{\"@type\":\"EntryPoint\",\"urlTemplate\":\"https:\/\/payer.eu\/?s={search_term_string}\"},\"query-input\":{\"@type\":\"PropertyValueSpecification\",\"valueRequired\":true,\"valueName\":\"search_term_string\"}}],\"inLanguage\":\"en-US\"},{\"@type\":\"Organization\",\"@id\":\"https:\/\/payer.eu\/#organization\",\"name\":\"B2B Payments Consultants Sweden AB\",\"alternateName\":\"Payer\",\"url\":\"https:\/\/payer.eu\/\",\"logo\":{\"@type\":\"ImageObject\",\"inLanguage\":\"en-US\",\"@id\":\"https:\/\/payer.eu\/#\/schema\/logo\/image\/\",\"url\":\"https:\/\/payer.eu\/wp-content\/uploads\/2025\/05\/payer_logo_black_small-2.svg\",\"contentUrl\":\"https:\/\/payer.eu\/wp-content\/uploads\/2025\/05\/payer_logo_black_small-2.svg\",\"width\":1,\"height\":1,\"caption\":\"B2B Payments Consultants Sweden AB\"},\"image\":{\"@id\":\"https:\/\/payer.eu\/#\/schema\/logo\/image\/\"},\"sameAs\":[\"https:\/\/www.facebook.com\/PayerB2BPayments\",\"https:\/\/www.linkedin.com\/company\/payer-b2b-payments\/\"]}]}<\/script>\n<!-- \/ Yoast SEO plugin. -->","yoast_head_json":{"title":"FAQ - Payer","robots":{"index":"index","follow":"follow","max-snippet":"max-snippet:-1","max-image-preview":"max-image-preview:large","max-video-preview":"max-video-preview:-1"},"canonical":"https:\/\/payer.eu\/en\/faq\/","og_locale":"en_US","og_type":"article","og_title":"FAQ - Payer","og_description":"FAQ Common questions In short, there will be answers to many of the frequently asked questions below. Should you not find an answer to your particular question, you are of course welcome to contact us directly via our customer portal.Merchant Portal B2B Platform B2B Merchant Portal Merchant Portal Legacy Platform Legacy Merchant portalPayer st\u00f6djer alla [&hellip;]","og_url":"https:\/\/payer.eu\/en\/faq\/","og_site_name":"Payer","article_publisher":"https:\/\/www.facebook.com\/PayerB2BPayments","article_modified_time":"2024-10-08T09:14:42+00:00","twitter_card":"summary_large_image","twitter_misc":{"Est. reading time":"6 minutes"},"schema":{"@context":"https:\/\/schema.org","@graph":[{"@type":"WebPage","@id":"https:\/\/payer.eu\/en\/faq\/","url":"https:\/\/payer.eu\/en\/faq\/","name":"FAQ - Payer","isPartOf":{"@id":"https:\/\/payer.eu\/#website"},"datePublished":"2023-06-13T07:40:11+00:00","dateModified":"2024-10-08T09:14:42+00:00","breadcrumb":{"@id":"https:\/\/payer.eu\/en\/faq\/#breadcrumb"},"inLanguage":"en-US","potentialAction":[{"@type":"ReadAction","target":["https:\/\/payer.eu\/en\/faq\/"]}]},{"@type":"BreadcrumbList","@id":"https:\/\/payer.eu\/en\/faq\/#breadcrumb","itemListElement":[{"@type":"ListItem","position":1,"name":"Home","item":"https:\/\/payer.eu\/en\/"},{"@type":"ListItem","position":2,"name":"FAQ"}]},{"@type":"WebSite","@id":"https:\/\/payer.eu\/#website","url":"https:\/\/payer.eu\/","name":"Payer","description":"Payer B2B Payments","publisher":{"@id":"https:\/\/payer.eu\/#organization"},"potentialAction":[{"@type":"SearchAction","target":{"@type":"EntryPoint","urlTemplate":"https:\/\/payer.eu\/?s={search_term_string}"},"query-input":{"@type":"PropertyValueSpecification","valueRequired":true,"valueName":"search_term_string"}}],"inLanguage":"en-US"},{"@type":"Organization","@id":"https:\/\/payer.eu\/#organization","name":"B2B Payments Consultants Sweden AB","alternateName":"Payer","url":"https:\/\/payer.eu\/","logo":{"@type":"ImageObject","inLanguage":"en-US","@id":"https:\/\/payer.eu\/#\/schema\/logo\/image\/","url":"https:\/\/payer.eu\/wp-content\/uploads\/2025\/05\/payer_logo_black_small-2.svg","contentUrl":"https:\/\/payer.eu\/wp-content\/uploads\/2025\/05\/payer_logo_black_small-2.svg","width":1,"height":1,"caption":"B2B Payments Consultants Sweden AB"},"image":{"@id":"https:\/\/payer.eu\/#\/schema\/logo\/image\/"},"sameAs":["https:\/\/www.facebook.com\/PayerB2BPayments","https:\/\/www.linkedin.com\/company\/payer-b2b-payments\/"]}]}},"_links":{"self":[{"href":"https:\/\/payer.eu\/en\/wp-json\/wp\/v2\/pages\/19021","targetHints":{"allow":["GET"]}}],"collection":[{"href":"https:\/\/payer.eu\/en\/wp-json\/wp\/v2\/pages"}],"about":[{"href":"https:\/\/payer.eu\/en\/wp-json\/wp\/v2\/types\/page"}],"author":[{"embeddable":true,"href":"https:\/\/payer.eu\/en\/wp-json\/wp\/v2\/users\/7"}],"replies":[{"embeddable":true,"href":"https:\/\/payer.eu\/en\/wp-json\/wp\/v2\/comments?post=19021"}],"version-history":[{"count":7,"href":"https:\/\/payer.eu\/en\/wp-json\/wp\/v2\/pages\/19021\/revisions"}],"predecessor-version":[{"id":20402,"href":"https:\/\/payer.eu\/en\/wp-json\/wp\/v2\/pages\/19021\/revisions\/20402"}],"wp:attachment":[{"href":"https:\/\/payer.eu\/en\/wp-json\/wp\/v2\/media?parent=19021"}],"curies":[{"name":"wp","href":"https:\/\/api.w.org\/{rel}","templated":true}]}}